{"id":743,"date":"2020-10-12T18:30:20","date_gmt":"2020-10-12T18:30:20","guid":{"rendered":"https:\/\/www.cpsantacruz.gob.ec\/?page_id=743"},"modified":"2020-10-15T15:26:26","modified_gmt":"2020-10-15T15:26:26","slug":"noticias","status":"publish","type":"page","link":"https:\/\/www.cpsantacruz.gob.ec\/?page_id=743","title":{"rendered":"NOTICIAS"},"content":{"rendered":"\t\t<div data-elementor-type=\"wp-page\" data-elementor-id=\"743\" class=\"elementor elementor-743\" data-elementor-post-type=\"page\">\n\t\t\t\t\t\t<section class=\"elementor-section elementor-top-section elementor-element elementor-element-a52600b elementor-section-full_width elementor-section-height-min-height elementor-section-content-middle elementor-section-stretched elementor-section-height-default elementor-section-items-middle\" data-id=\"a52600b\" data-element_type=\"section\" data-e-type=\"section\" data-settings=\"{&quot;stretch_section&quot;:&quot;section-stretched&quot;}\">\n\t\t\t\t\t\t<div class=\"elementor-container elementor-column-gap-default\">\n\t\t\t\t\t<div class=\"elementor-column elementor-col-100 elementor-top-column elementor-element elementor-element-ff48c6d\" data-id=\"ff48c6d\" data-element_type=\"column\" data-e-type=\"column\">\n\t\t\t<div class=\"elementor-widget-wrap elementor-element-populated\">\n\t\t\t\t\t\t<div class=\"elementor-element elementor-element-1ac3a08 elementor-widget elementor-widget-image\" data-id=\"1ac3a08\" data-element_type=\"widget\" data-e-type=\"widget\" data-widget_type=\"image.default\">\n\t\t\t\t<div class=\"elementor-widget-container\">\n\t\t\t\t\t\t\t\t\t\t\t\t\t\t\t<img fetchpriority=\"high\" decoding=\"async\" width=\"2400\" height=\"262\" src=\"https:\/\/www.cpsantacruz.gob.ec\/wp-content\/uploads\/2020\/10\/pantalla-banner-peces.png\" class=\"attachment-full size-full wp-image-843\" alt=\"\" srcset=\"https:\/\/www.cpsantacruz.gob.ec\/wp-content\/uploads\/2020\/10\/pantalla-banner-peces.png 2400w, https:\/\/www.cpsantacruz.gob.ec\/wp-content\/uploads\/2020\/10\/pantalla-banner-peces-300x33.png 300w, https:\/\/www.cpsantacruz.gob.ec\/wp-content\/uploads\/2020\/10\/pantalla-banner-peces-1024x112.png 1024w, https:\/\/www.cpsantacruz.gob.ec\/wp-content\/uploads\/2020\/10\/pantalla-banner-peces-768x84.png 768w, https:\/\/www.cpsantacruz.gob.ec\/wp-content\/uploads\/2020\/10\/pantalla-banner-peces-1536x168.png 1536w, https:\/\/www.cpsantacruz.gob.ec\/wp-content\/uploads\/2020\/10\/pantalla-banner-peces-2048x224.png 2048w\" sizes=\"(max-width: 2400px) 100vw, 2400px\" \/>\t\t\t\t\t\t\t\t\t\t\t\t\t\t\t<\/div>\n\t\t\t\t<\/div>\n\t\t\t\t\t<\/div>\n\t\t<\/div>\n\t\t\t\t\t<\/div>\n\t\t<\/section>\n\t\t\t\t<section class=\"elementor-section elementor-top-section elementor-element elementor-element-5094ba9 elementor-section-boxed elementor-section-height-default elementor-section-height-default\" data-id=\"5094ba9\" data-element_type=\"section\" data-e-type=\"section\">\n\t\t\t\t\t\t<div class=\"elementor-container elementor-column-gap-default\">\n\t\t\t\t\t<div class=\"elementor-column elementor-col-100 elementor-top-column elementor-element elementor-element-9bd055d\" data-id=\"9bd055d\" data-element_type=\"column\" data-e-type=\"column\">\n\t\t\t<div class=\"elementor-widget-wrap elementor-element-populated\">\n\t\t\t\t\t\t<div class=\"elementor-element elementor-element-253a03d elementor-widget elementor-widget-spacer\" data-id=\"253a03d\" data-element_type=\"widget\" data-e-type=\"widget\" data-widget_type=\"spacer.default\">\n\t\t\t\t<div class=\"elementor-widget-container\">\n\t\t\t\t\t\t\t<div class=\"elementor-spacer\">\n\t\t\t<div class=\"elementor-spacer-inner\"><\/div>\n\t\t<\/div>\n\t\t\t\t\t\t<\/div>\n\t\t\t\t<\/div>\n\t\t\t\t\t<\/div>\n\t\t<\/div>\n\t\t\t\t\t<\/div>\n\t\t<\/section>\n\t\t\t\t<section class=\"elementor-section elementor-top-section elementor-element elementor-element-6bc5eaa elementor-section-boxed elementor-section-height-default elementor-section-height-default\" data-id=\"6bc5eaa\" data-element_type=\"section\" data-e-type=\"section\">\n\t\t\t\t\t\t<div class=\"elementor-container elementor-column-gap-default\">\n\t\t\t\t\t<div class=\"elementor-column elementor-col-100 elementor-top-column elementor-element elementor-element-20743df\" data-id=\"20743df\" data-element_type=\"column\" data-e-type=\"column\">\n\t\t\t<div class=\"elementor-widget-wrap elementor-element-populated\">\n\t\t\t\t\t\t<div class=\"elementor-element elementor-element-a9be93c elementor-widget elementor-widget-spacer\" data-id=\"a9be93c\" data-element_type=\"widget\" data-e-type=\"widget\" data-widget_type=\"spacer.default\">\n\t\t\t\t<div class=\"elementor-widget-container\">\n\t\t\t\t\t\t\t<div class=\"elementor-spacer\">\n\t\t\t<div class=\"elementor-spacer-inner\"><\/div>\n\t\t<\/div>\n\t\t\t\t\t\t<\/div>\n\t\t\t\t<\/div>\n\t\t\t\t\t<\/div>\n\t\t<\/div>\n\t\t\t\t\t<\/div>\n\t\t<\/section>\n\t\t\t\t<section class=\"elementor-section elementor-top-section elementor-element elementor-element-e13e668 elementor-section-boxed elementor-section-height-default elementor-section-height-default\" data-id=\"e13e668\" data-element_type=\"section\" data-e-type=\"section\">\n\t\t\t\t\t\t<div class=\"elementor-container elementor-column-gap-default\">\n\t\t\t\t\t<div class=\"elementor-column elementor-col-100 elementor-top-column elementor-element elementor-element-fc2f5c2\" data-id=\"fc2f5c2\" data-element_type=\"column\" data-e-type=\"column\">\n\t\t\t<div class=\"elementor-widget-wrap elementor-element-populated\">\n\t\t\t\t\t\t<div class=\"elementor-element elementor-element-8ac8732 elementor-widget elementor-widget-spacer\" data-id=\"8ac8732\" data-element_type=\"widget\" data-e-type=\"widget\" data-widget_type=\"spacer.default\">\n\t\t\t\t<div class=\"elementor-widget-container\">\n\t\t\t\t\t\t\t<div class=\"elementor-spacer\">\n\t\t\t<div class=\"elementor-spacer-inner\"><\/div>\n\t\t<\/div>\n\t\t\t\t\t\t<\/div>\n\t\t\t\t<\/div>\n\t\t\t\t\t<\/div>\n\t\t<\/div>\n\t\t\t\t\t<\/div>\n\t\t<\/section>\n\t\t\t\t<section class=\"elementor-section elementor-top-section elementor-element elementor-element-b4d9a9b elementor-section-boxed elementor-section-height-default elementor-section-height-default\" data-id=\"b4d9a9b\" data-element_type=\"section\" data-e-type=\"section\">\n\t\t\t\t\t\t<div class=\"elementor-container elementor-column-gap-default\">\n\t\t\t\t\t<div class=\"elementor-column elementor-col-100 elementor-top-column elementor-element elementor-element-286230f\" data-id=\"286230f\" data-element_type=\"column\" data-e-type=\"column\">\n\t\t\t<div class=\"elementor-widget-wrap elementor-element-populated\">\n\t\t\t\t\t\t<div class=\"elementor-element elementor-element-2e34096 elementor-widget elementor-widget-spacer\" data-id=\"2e34096\" data-element_type=\"widget\" data-e-type=\"widget\" data-widget_type=\"spacer.default\">\n\t\t\t\t<div class=\"elementor-widget-container\">\n\t\t\t\t\t\t\t<div class=\"elementor-spacer\">\n\t\t\t<div class=\"elementor-spacer-inner\"><\/div>\n\t\t<\/div>\n\t\t\t\t\t\t<\/div>\n\t\t\t\t<\/div>\n\t\t\t\t\t<\/div>\n\t\t<\/div>\n\t\t\t\t\t<\/div>\n\t\t<\/section>\n\t\t\t\t<section class=\"elementor-section elementor-top-section elementor-element elementor-element-8fb9837 elementor-section-content-middle elementor-section-boxed elementor-section-height-default elementor-section-height-default\" data-id=\"8fb9837\" data-element_type=\"section\" data-e-type=\"section\" data-settings=\"{&quot;background_background&quot;:&quot;classic&quot;,&quot;shape_divider_top&quot;:&quot;waves&quot;}\">\n\t\t\t\t\t\t\t<div class=\"elementor-background-overlay\"><\/div>\n\t\t\t\t\t\t<div class=\"elementor-shape elementor-shape-top\" aria-hidden=\"true\" data-negative=\"false\">\n\t\t\t<svg xmlns=\"http:\/\/www.w3.org\/2000\/svg\" viewBox=\"0 0 1000 100\" preserveAspectRatio=\"none\">\n\t<path class=\"elementor-shape-fill\" d=\"M421.9,6.5c22.6-2.5,51.5,0.4,75.5,5.3c23.6,4.9,70.9,23.5,100.5,35.7c75.8,32.2,133.7,44.5,192.6,49.7\n\tc23.6,2.1,48.7,3.5,103.4-2.5c54.7-6,106.2-25.6,106.2-25.6V0H0v30.3c0,0,72,32.6,158.4,30.5c39.2-0.7,92.8-6.7,134-22.4\n\tc21.2-8.1,52.2-18.2,79.7-24.2C399.3,7.9,411.6,7.5,421.9,6.5z\"\/>\n<\/svg>\t\t<\/div>\n\t\t\t\t\t<div class=\"elementor-container elementor-column-gap-no\">\n\t\t\t\t\t<div class=\"elementor-column elementor-col-100 elementor-top-column elementor-element elementor-element-d589360\" data-id=\"d589360\" data-element_type=\"column\" data-e-type=\"column\">\n\t\t\t<div class=\"elementor-widget-wrap elementor-element-populated\">\n\t\t\t\t\t\t<div class=\"elementor-element elementor-element-1ccddb0 elementor-grid-3 elementor-grid-tablet-2 elementor-grid-mobile-1 elementor-posts--thumbnail-top elementor-card-shadow-yes elementor-posts__hover-gradient elementor-widget elementor-widget-posts\" data-id=\"1ccddb0\" data-element_type=\"widget\" data-e-type=\"widget\" data-settings=\"{&quot;pagination_type&quot;:&quot;numbers&quot;,&quot;cards_columns&quot;:&quot;3&quot;,&quot;cards_columns_tablet&quot;:&quot;2&quot;,&quot;cards_columns_mobile&quot;:&quot;1&quot;,&quot;cards_row_gap&quot;:{&quot;unit&quot;:&quot;px&quot;,&quot;size&quot;:35,&quot;sizes&quot;:[]},&quot;cards_row_gap_tablet&quot;:{&quot;unit&quot;:&quot;px&quot;,&quot;size&quot;:&quot;&quot;,&quot;sizes&quot;:[]},&quot;cards_row_gap_mobile&quot;:{&quot;unit&quot;:&quot;px&quot;,&quot;size&quot;:&quot;&quot;,&quot;sizes&quot;:[]}}\" data-widget_type=\"posts.cards\">\n\t\t\t\t<div class=\"elementor-widget-container\">\n\t\t\t\t\t\t\t<div class=\"elementor-posts-container elementor-posts elementor-posts--skin-cards elementor-grid\">\n\t\t\t\t<article class=\"elementor-post elementor-grid-item post-2125 post type-post status-publish format-standard has-post-thumbnail hentry category-noticias\">\n\t\t\t<div class=\"elementor-post__card\">\n\t\t\t\t<a class=\"elementor-post__thumbnail__link\" href=\"https:\/\/www.cpsantacruz.gob.ec\/?p=2125\" tabindex=\"-1\" target=\"_blank\"><div class=\"elementor-post__thumbnail\"><img decoding=\"async\" width=\"300\" height=\"169\" src=\"https:\/\/www.cpsantacruz.gob.ec\/wp-content\/uploads\/2022\/03\/RENDICION-DE-CUENTAS-2021-300x169.jpg\" class=\"attachment-medium size-medium wp-image-2127\" alt=\"\" srcset=\"https:\/\/www.cpsantacruz.gob.ec\/wp-content\/uploads\/2022\/03\/RENDICION-DE-CUENTAS-2021-300x169.jpg 300w, https:\/\/www.cpsantacruz.gob.ec\/wp-content\/uploads\/2022\/03\/RENDICION-DE-CUENTAS-2021-1024x576.jpg 1024w, https:\/\/www.cpsantacruz.gob.ec\/wp-content\/uploads\/2022\/03\/RENDICION-DE-CUENTAS-2021-768x432.jpg 768w, https:\/\/www.cpsantacruz.gob.ec\/wp-content\/uploads\/2022\/03\/RENDICION-DE-CUENTAS-2021-1536x864.jpg 1536w, https:\/\/www.cpsantacruz.gob.ec\/wp-content\/uploads\/2022\/03\/RENDICION-DE-CUENTAS-2021.jpg 1920w\" sizes=\"(max-width: 300px) 100vw, 300px\" \/><\/div><\/a>\n\t\t\t\t<div class=\"elementor-post__badge\">Noticias<\/div>\n\t\t\t\t<div class=\"elementor-post__text\">\n\t\t\t\t<h3 class=\"elementor-post__title\">\n\t\t\t<a href=\"https:\/\/www.cpsantacruz.gob.ec\/?p=2125\" target=&quot;_blank&quot;>\n\t\t\t\tRENDICI\u00d3N DE CUENTAS 2021\t\t\t<\/a>\n\t\t<\/h3>\n\t\t\t\t<div class=\"elementor-post__excerpt\">\n\t\t\t\t\t<\/div>\n\t\t\t\t<\/div>\n\t\t\t\t\t<\/div>\n\t\t<\/article>\n\t\t\t\t<article class=\"elementor-post elementor-grid-item post-1838 post type-post status-publish format-standard has-post-thumbnail hentry category-noticias\">\n\t\t\t<div class=\"elementor-post__card\">\n\t\t\t\t<a class=\"elementor-post__thumbnail__link\" href=\"https:\/\/www.cpsantacruz.gob.ec\/?p=1838\" tabindex=\"-1\" target=\"_blank\"><div class=\"elementor-post__thumbnail\"><img decoding=\"async\" width=\"300\" height=\"251\" src=\"https:\/\/www.cpsantacruz.gob.ec\/wp-content\/uploads\/2021\/06\/RENDICIO\u0301N-CUENTAS-2020-300x251.jpeg\" class=\"attachment-medium size-medium wp-image-1840\" alt=\"\" srcset=\"https:\/\/www.cpsantacruz.gob.ec\/wp-content\/uploads\/2021\/06\/RENDICIO\u0301N-CUENTAS-2020-300x251.jpeg 300w, https:\/\/www.cpsantacruz.gob.ec\/wp-content\/uploads\/2021\/06\/RENDICIO\u0301N-CUENTAS-2020-768x644.jpeg 768w, https:\/\/www.cpsantacruz.gob.ec\/wp-content\/uploads\/2021\/06\/RENDICIO\u0301N-CUENTAS-2020.jpeg 940w\" sizes=\"(max-width: 300px) 100vw, 300px\" \/><\/div><\/a>\n\t\t\t\t<div class=\"elementor-post__badge\">Noticias<\/div>\n\t\t\t\t<div class=\"elementor-post__text\">\n\t\t\t\t<h3 class=\"elementor-post__title\">\n\t\t\t<a href=\"https:\/\/www.cpsantacruz.gob.ec\/?p=1838\" target=&quot;_blank&quot;>\n\t\t\t\tRENDICI\u00d3N DE CUENTAS 2020\t\t\t<\/a>\n\t\t<\/h3>\n\t\t\t\t<div class=\"elementor-post__excerpt\">\n\t\t\t\t\t<\/div>\n\t\t\t\t<\/div>\n\t\t\t\t\t<\/div>\n\t\t<\/article>\n\t\t\t\t<article class=\"elementor-post elementor-grid-item post-1301 post type-post status-publish format-standard has-post-thumbnail hentry category-noticias\">\n\t\t\t<div class=\"elementor-post__card\">\n\t\t\t\t<a class=\"elementor-post__thumbnail__link\" href=\"https:\/\/www.cpsantacruz.gob.ec\/?p=1301\" tabindex=\"-1\" target=\"_blank\"><div class=\"elementor-post__thumbnail\"><img loading=\"lazy\" decoding=\"async\" width=\"300\" height=\"204\" src=\"https:\/\/www.cpsantacruz.gob.ec\/wp-content\/uploads\/2020\/10\/Noticia-octubre-facebook-300x204.png\" class=\"attachment-medium size-medium wp-image-1331\" alt=\"\" srcset=\"https:\/\/www.cpsantacruz.gob.ec\/wp-content\/uploads\/2020\/10\/Noticia-octubre-facebook-300x204.png 300w, https:\/\/www.cpsantacruz.gob.ec\/wp-content\/uploads\/2020\/10\/Noticia-octubre-facebook-1024x698.png 1024w, https:\/\/www.cpsantacruz.gob.ec\/wp-content\/uploads\/2020\/10\/Noticia-octubre-facebook-768x523.png 768w, https:\/\/www.cpsantacruz.gob.ec\/wp-content\/uploads\/2020\/10\/Noticia-octubre-facebook-1536x1047.png 1536w, https:\/\/www.cpsantacruz.gob.ec\/wp-content\/uploads\/2020\/10\/Noticia-octubre-facebook.png 1808w\" sizes=\"(max-width: 300px) 100vw, 300px\" \/><\/div><\/a>\n\t\t\t\t<div class=\"elementor-post__badge\">Noticias<\/div>\n\t\t\t\t<div class=\"elementor-post__text\">\n\t\t\t\t<h3 class=\"elementor-post__title\">\n\t\t\t<a href=\"https:\/\/www.cpsantacruz.gob.ec\/?p=1301\" target=&quot;_blank&quot;>\n\t\t\t\tELECCI\u00d3N DE LA DIRECTIVA DEL CONSEJO DE NI\u00d1OS Y NI\u00d1AS DE SANTA CRUZ\t\t\t<\/a>\n\t\t<\/h3>\n\t\t\t\t<div class=\"elementor-post__excerpt\">\n\t\t\t\t\t<\/div>\n\t\t\t\t<\/div>\n\t\t\t\t\t<\/div>\n\t\t<\/article>\n\t\t\t\t<article class=\"elementor-post elementor-grid-item post-1292 post type-post status-publish format-standard has-post-thumbnail hentry category-noticias\">\n\t\t\t<div class=\"elementor-post__card\">\n\t\t\t\t<a class=\"elementor-post__thumbnail__link\" href=\"https:\/\/www.cpsantacruz.gob.ec\/?p=1292\" tabindex=\"-1\" target=\"_blank\"><div class=\"elementor-post__thumbnail\"><img loading=\"lazy\" decoding=\"async\" width=\"300\" height=\"201\" src=\"https:\/\/www.cpsantacruz.gob.ec\/wp-content\/uploads\/2020\/10\/adolescentes-300x201.jpg\" class=\"attachment-medium size-medium wp-image-1324\" alt=\"\" srcset=\"https:\/\/www.cpsantacruz.gob.ec\/wp-content\/uploads\/2020\/10\/adolescentes-300x201.jpg 300w, https:\/\/www.cpsantacruz.gob.ec\/wp-content\/uploads\/2020\/10\/adolescentes.jpg 718w\" sizes=\"(max-width: 300px) 100vw, 300px\" \/><\/div><\/a>\n\t\t\t\t<div class=\"elementor-post__badge\">Noticias<\/div>\n\t\t\t\t<div class=\"elementor-post__text\">\n\t\t\t\t<h3 class=\"elementor-post__title\">\n\t\t\t<a href=\"https:\/\/www.cpsantacruz.gob.ec\/?p=1292\" target=&quot;_blank&quot;>\n\t\t\t\tPOSESI\u00d3N DE LAS DIRECTIVAS DE LOS CONSEJOS CONSULTIVOS\t\t\t<\/a>\n\t\t<\/h3>\n\t\t\t\t<div class=\"elementor-post__excerpt\">\n\t\t\t\t\t<\/div>\n\t\t\t\t<\/div>\n\t\t\t\t\t<\/div>\n\t\t<\/article>\n\t\t\t\t<article class=\"elementor-post elementor-grid-item post-1260 post type-post status-publish format-standard has-post-thumbnail hentry category-noticias\">\n\t\t\t<div class=\"elementor-post__card\">\n\t\t\t\t<a class=\"elementor-post__thumbnail__link\" href=\"https:\/\/www.cpsantacruz.gob.ec\/?p=1260\" tabindex=\"-1\" target=\"_blank\"><div class=\"elementor-post__thumbnail\"><img loading=\"lazy\" decoding=\"async\" width=\"300\" height=\"200\" src=\"https:\/\/www.cpsantacruz.gob.ec\/wp-content\/uploads\/2020\/10\/WhatsApp-Image-2020-10-14-at-14.07.24-1-300x200.jpeg\" class=\"attachment-medium size-medium wp-image-1158\" alt=\"\" srcset=\"https:\/\/www.cpsantacruz.gob.ec\/wp-content\/uploads\/2020\/10\/WhatsApp-Image-2020-10-14-at-14.07.24-1-300x200.jpeg 300w, https:\/\/www.cpsantacruz.gob.ec\/wp-content\/uploads\/2020\/10\/WhatsApp-Image-2020-10-14-at-14.07.24-1.jpeg 720w\" sizes=\"(max-width: 300px) 100vw, 300px\" \/><\/div><\/a>\n\t\t\t\t<div class=\"elementor-post__badge\">Noticias<\/div>\n\t\t\t\t<div class=\"elementor-post__text\">\n\t\t\t\t<h3 class=\"elementor-post__title\">\n\t\t\t<a href=\"https:\/\/www.cpsantacruz.gob.ec\/?p=1260\" target=&quot;_blank&quot;>\n\t\t\t\tELECCI\u00d3N DEL CONSEJO CONSULTIVO DE MUJERES\t\t\t<\/a>\n\t\t<\/h3>\n\t\t\t\t<div class=\"elementor-post__excerpt\">\n\t\t\t\t\t<\/div>\n\t\t\t\t<\/div>\n\t\t\t\t\t<\/div>\n\t\t<\/article>\n\t\t\t\t<article class=\"elementor-post elementor-grid-item post-1188 post type-post status-publish format-standard has-post-thumbnail hentry category-noticias\">\n\t\t\t<div class=\"elementor-post__card\">\n\t\t\t\t<a class=\"elementor-post__thumbnail__link\" href=\"https:\/\/www.cpsantacruz.gob.ec\/?p=1188\" tabindex=\"-1\" target=\"_blank\"><div class=\"elementor-post__thumbnail\"><img loading=\"lazy\" decoding=\"async\" width=\"300\" height=\"212\" src=\"https:\/\/www.cpsantacruz.gob.ec\/wp-content\/uploads\/2020\/10\/Rendicio\u0301n-de-cuentas-300x212.png\" class=\"attachment-medium size-medium wp-image-1190\" alt=\"\" srcset=\"https:\/\/www.cpsantacruz.gob.ec\/wp-content\/uploads\/2020\/10\/Rendicio\u0301n-de-cuentas-300x212.png 300w, https:\/\/www.cpsantacruz.gob.ec\/wp-content\/uploads\/2020\/10\/Rendicio\u0301n-de-cuentas-1024x724.png 1024w, https:\/\/www.cpsantacruz.gob.ec\/wp-content\/uploads\/2020\/10\/Rendicio\u0301n-de-cuentas-768x543.png 768w, https:\/\/www.cpsantacruz.gob.ec\/wp-content\/uploads\/2020\/10\/Rendicio\u0301n-de-cuentas.png 1490w\" sizes=\"(max-width: 300px) 100vw, 300px\" \/><\/div><\/a>\n\t\t\t\t<div class=\"elementor-post__badge\">Noticias<\/div>\n\t\t\t\t<div class=\"elementor-post__text\">\n\t\t\t\t<h3 class=\"elementor-post__title\">\n\t\t\t<a href=\"https:\/\/www.cpsantacruz.gob.ec\/?p=1188\" target=&quot;_blank&quot;>\n\t\t\t\tRENDICI\u00d3N DE CUENTAS 2019\t\t\t<\/a>\n\t\t<\/h3>\n\t\t\t\t<div class=\"elementor-post__excerpt\">\n\t\t\t\t\t<\/div>\n\t\t\t\t<\/div>\n\t\t\t\t\t<\/div>\n\t\t<\/article>\n\t\t\t\t<\/div>\n\t\t\n\t\t\t\t<div class=\"e-load-more-anchor\" data-page=\"1\" data-max-page=\"2\" data-next-page=\"https:\/\/www.cpsantacruz.gob.ec\/index.php?rest_route=%2Fwp%2Fv2%2Fpages%2F743&#038;paged=2\"><\/div>\n\t\t\t\t<nav class=\"elementor-pagination\" aria-label=\"Paginaci\u00f3n\">\n\t\t\t<span aria-current=\"page\" class=\"page-numbers current\"><span class=\"elementor-screen-only\">P\u00e1gina<\/span>1<\/span>\n<a class=\"page-numbers\" href=\"https:\/\/www.cpsantacruz.gob.ec\/index.php\/?paged=2\"><span class=\"elementor-screen-only\">P\u00e1gina<\/span>2<\/a>\t\t<\/nav>\n\t\t\t\t\t\t<\/div>\n\t\t\t\t<\/div>\n\t\t\t\t\t<\/div>\n\t\t<\/div>\n\t\t\t\t\t<\/div>\n\t\t<\/section>\n\t\t\t\t<section class=\"elementor-section elementor-top-section elementor-element elementor-element-508216d elementor-section-boxed elementor-section-height-default elementor-section-height-default\" data-id=\"508216d\" data-element_type=\"section\" data-e-type=\"section\">\n\t\t\t\t\t\t<div class=\"elementor-container elementor-column-gap-default\">\n\t\t\t\t\t<div class=\"elementor-column elementor-col-100 elementor-top-column elementor-element elementor-element-8e0fef6\" data-id=\"8e0fef6\" data-element_type=\"column\" data-e-type=\"column\">\n\t\t\t<div class=\"elementor-widget-wrap elementor-element-populated\">\n\t\t\t\t\t\t<div class=\"elementor-element elementor-element-2ab629e elementor-widget elementor-widget-spacer\" data-id=\"2ab629e\" data-element_type=\"widget\" data-e-type=\"widget\" data-widget_type=\"spacer.default\">\n\t\t\t\t<div class=\"elementor-widget-container\">\n\t\t\t\t\t\t\t<div class=\"elementor-spacer\">\n\t\t\t<div class=\"elementor-spacer-inner\"><\/div>\n\t\t<\/div>\n\t\t\t\t\t\t<\/div>\n\t\t\t\t<\/div>\n\t\t\t\t\t<\/div>\n\t\t<\/div>\n\t\t\t\t\t<\/div>\n\t\t<\/section>\n\t\t\t\t<section class=\"elementor-section elementor-top-section elementor-element elementor-element-ea739f0 elementor-section-boxed elementor-section-height-default elementor-section-height-default\" data-id=\"ea739f0\" data-element_type=\"section\" data-e-type=\"section\">\n\t\t\t\t\t\t<div class=\"elementor-container elementor-column-gap-default\">\n\t\t\t\t\t<div class=\"elementor-column elementor-col-100 elementor-top-column elementor-element elementor-element-a29519c\" data-id=\"a29519c\" data-element_type=\"column\" data-e-type=\"column\">\n\t\t\t<div class=\"elementor-widget-wrap elementor-element-populated\">\n\t\t\t\t\t\t<div class=\"elementor-element elementor-element-a744a7d elementor-widget elementor-widget-spacer\" data-id=\"a744a7d\" data-element_type=\"widget\" data-e-type=\"widget\" data-widget_type=\"spacer.default\">\n\t\t\t\t<div class=\"elementor-widget-container\">\n\t\t\t\t\t\t\t<div class=\"elementor-spacer\">\n\t\t\t<div class=\"elementor-spacer-inner\"><\/div>\n\t\t<\/div>\n\t\t\t\t\t\t<\/div>\n\t\t\t\t<\/div>\n\t\t\t\t\t<\/div>\n\t\t<\/div>\n\t\t\t\t\t<\/div>\n\t\t<\/section>\n\t\t\t\t<section class=\"elementor-section elementor-top-section elementor-element elementor-element-4916b53 elementor-section-boxed elementor-section-height-default elementor-section-height-default\" data-id=\"4916b53\" data-element_type=\"section\" data-e-type=\"section\">\n\t\t\t\t\t\t<div class=\"elementor-container elementor-column-gap-default\">\n\t\t\t\t\t<div class=\"elementor-column elementor-col-100 elementor-top-column elementor-element elementor-element-1b34a15\" data-id=\"1b34a15\" data-element_type=\"column\" data-e-type=\"column\">\n\t\t\t<div class=\"elementor-widget-wrap elementor-element-populated\">\n\t\t\t\t\t\t<div class=\"elementor-element elementor-element-c7734d2 elementor-widget elementor-widget-spacer\" data-id=\"c7734d2\" data-element_type=\"widget\" data-e-type=\"widget\" data-widget_type=\"spacer.default\">\n\t\t\t\t<div class=\"elementor-widget-container\">\n\t\t\t\t\t\t\t<div class=\"elementor-spacer\">\n\t\t\t<div class=\"elementor-spacer-inner\"><\/div>\n\t\t<\/div>\n\t\t\t\t\t\t<\/div>\n\t\t\t\t<\/div>\n\t\t\t\t\t<\/div>\n\t\t<\/div>\n\t\t\t\t\t<\/div>\n\t\t<\/section>\n\t\t\t\t<\/div>\n\t\t","protected":false},"excerpt":{"rendered":"","protected":false},"author":3,"featured_media":0,"parent":0,"menu_order":0,"comment_status":"closed","ping_status":"closed","template":"elementor_header_footer","meta":{"footnotes":""},"class_list":["post-743","page","type-page","status-publish","hentry"],"_links":{"self":[{"href":"https:\/\/www.cpsantacruz.gob.ec\/index.php?rest_route=\/wp\/v2\/pages\/743","targetHints":{"allow":["GET"]}}],"collection":[{"href":"https:\/\/www.cpsantacruz.gob.ec\/index.php?rest_route=\/wp\/v2\/pages"}],"about":[{"href":"https:\/\/www.cpsantacruz.gob.ec\/index.php?rest_route=\/wp\/v2\/types\/page"}],"author":[{"embeddable":true,"href":"https:\/\/www.cpsantacruz.gob.ec\/index.php?rest_route=\/wp\/v2\/users\/3"}],"replies":[{"embeddable":true,"href":"https:\/\/www.cpsantacruz.gob.ec\/index.php?rest_route=%2Fwp%2Fv2%2Fcomments&post=743"}],"version-history":[{"count":125,"href":"https:\/\/www.cpsantacruz.gob.ec\/index.php?rest_route=\/wp\/v2\/pages\/743\/revisions"}],"predecessor-version":[{"id":1258,"href":"https:\/\/www.cpsantacruz.gob.ec\/index.php?rest_route=\/wp\/v2\/pages\/743\/revisions\/1258"}],"wp:attachment":[{"href":"https:\/\/www.cpsantacruz.gob.ec\/index.php?rest_route=%2Fwp%2Fv2%2Fmedia&parent=743"}],"curies":[{"name":"wp","href":"https:\/\/api.w.org\/{rel}","templated":true}]}}