{"id":692,"date":"2020-10-12T15:10:41","date_gmt":"2020-10-12T15:10:41","guid":{"rendered":"https:\/\/www.cpsantacruz.gob.ec\/?page_id=692"},"modified":"2020-10-15T13:44:23","modified_gmt":"2020-10-15T13:44:23","slug":"adolescentes","status":"publish","type":"page","link":"https:\/\/www.cpsantacruz.gob.ec\/?page_id=692","title":{"rendered":"ADOLESCENTES"},"content":{"rendered":"\t\t<div data-elementor-type=\"wp-page\" data-elementor-id=\"692\" class=\"elementor elementor-692\" data-elementor-post-type=\"page\">\n\t\t\t\t\t\t<section class=\"elementor-section elementor-top-section elementor-element elementor-element-4965b32 elementor-section-full_width elementor-section-height-min-height elementor-section-content-middle elementor-section-stretched elementor-section-height-default elementor-section-items-middle\" data-id=\"4965b32\" data-element_type=\"section\" data-e-type=\"section\" data-settings=\"{&quot;stretch_section&quot;:&quot;section-stretched&quot;}\">\n\t\t\t\t\t\t<div class=\"elementor-container elementor-column-gap-default\">\n\t\t\t\t\t<div class=\"elementor-column elementor-col-100 elementor-top-column elementor-element elementor-element-7767e6e\" data-id=\"7767e6e\" data-element_type=\"column\" data-e-type=\"column\">\n\t\t\t<div class=\"elementor-widget-wrap elementor-element-populated\">\n\t\t\t\t\t\t<div class=\"elementor-element elementor-element-b787691 elementor-widget elementor-widget-image\" data-id=\"b787691\" data-element_type=\"widget\" data-e-type=\"widget\" data-widget_type=\"image.default\">\n\t\t\t\t<div class=\"elementor-widget-container\">\n\t\t\t\t\t\t\t\t\t\t\t\t\t\t\t<img fetchpriority=\"high\" decoding=\"async\" width=\"2400\" height=\"262\" src=\"https:\/\/www.cpsantacruz.gob.ec\/wp-content\/uploads\/2020\/10\/pantalla-banner-peces.png\" class=\"attachment-full size-full wp-image-843\" alt=\"\" srcset=\"https:\/\/www.cpsantacruz.gob.ec\/wp-content\/uploads\/2020\/10\/pantalla-banner-peces.png 2400w, https:\/\/www.cpsantacruz.gob.ec\/wp-content\/uploads\/2020\/10\/pantalla-banner-peces-300x33.png 300w, https:\/\/www.cpsantacruz.gob.ec\/wp-content\/uploads\/2020\/10\/pantalla-banner-peces-1024x112.png 1024w, https:\/\/www.cpsantacruz.gob.ec\/wp-content\/uploads\/2020\/10\/pantalla-banner-peces-768x84.png 768w, https:\/\/www.cpsantacruz.gob.ec\/wp-content\/uploads\/2020\/10\/pantalla-banner-peces-1536x168.png 1536w, https:\/\/www.cpsantacruz.gob.ec\/wp-content\/uploads\/2020\/10\/pantalla-banner-peces-2048x224.png 2048w\" sizes=\"(max-width: 2400px) 100vw, 2400px\" \/>\t\t\t\t\t\t\t\t\t\t\t\t\t\t\t<\/div>\n\t\t\t\t<\/div>\n\t\t\t\t\t<\/div>\n\t\t<\/div>\n\t\t\t\t\t<\/div>\n\t\t<\/section>\n\t\t\t\t<section class=\"elementor-section elementor-top-section elementor-element elementor-element-d1bcc65 elementor-section-boxed elementor-section-height-default elementor-section-height-default\" data-id=\"d1bcc65\" data-element_type=\"section\" data-e-type=\"section\">\n\t\t\t\t\t\t<div class=\"elementor-container elementor-column-gap-default\">\n\t\t\t\t\t<div class=\"elementor-column elementor-col-100 elementor-top-column elementor-element elementor-element-2526cb7\" data-id=\"2526cb7\" data-element_type=\"column\" data-e-type=\"column\">\n\t\t\t<div class=\"elementor-widget-wrap elementor-element-populated\">\n\t\t\t\t\t\t<div class=\"elementor-element elementor-element-f0e16a0 elementor-widget elementor-widget-spacer\" data-id=\"f0e16a0\" data-element_type=\"widget\" data-e-type=\"widget\" data-widget_type=\"spacer.default\">\n\t\t\t\t<div class=\"elementor-widget-container\">\n\t\t\t\t\t\t\t<div class=\"elementor-spacer\">\n\t\t\t<div class=\"elementor-spacer-inner\"><\/div>\n\t\t<\/div>\n\t\t\t\t\t\t<\/div>\n\t\t\t\t<\/div>\n\t\t\t\t\t<\/div>\n\t\t<\/div>\n\t\t\t\t\t<\/div>\n\t\t<\/section>\n\t\t\t\t<section class=\"elementor-section elementor-top-section elementor-element elementor-element-d801381 elementor-section-boxed elementor-section-height-default elementor-section-height-default\" data-id=\"d801381\" data-element_type=\"section\" data-e-type=\"section\">\n\t\t\t\t\t\t<div class=\"elementor-container elementor-column-gap-default\">\n\t\t\t\t\t<div class=\"elementor-column elementor-col-100 elementor-top-column elementor-element elementor-element-1716398\" data-id=\"1716398\" data-element_type=\"column\" data-e-type=\"column\">\n\t\t\t<div class=\"elementor-widget-wrap elementor-element-populated\">\n\t\t\t\t\t\t<div class=\"elementor-element elementor-element-0ad9138 elementor-widget elementor-widget-heading\" data-id=\"0ad9138\" data-element_type=\"widget\" data-e-type=\"widget\" data-widget_type=\"heading.default\">\n\t\t\t\t<div class=\"elementor-widget-container\">\n\t\t\t\t\t<h2 class=\"elementor-heading-title elementor-size-default\">Consejo Consultivo de Adolescentes<\/h2>\t\t\t\t<\/div>\n\t\t\t\t<\/div>\n\t\t\t\t\t<\/div>\n\t\t<\/div>\n\t\t\t\t\t<\/div>\n\t\t<\/section>\n\t\t\t\t<section class=\"elementor-section elementor-top-section elementor-element elementor-element-815ecc7 elementor-section-boxed elementor-section-height-default elementor-section-height-default\" data-id=\"815ecc7\" data-element_type=\"section\" data-e-type=\"section\">\n\t\t\t\t\t\t<div class=\"elementor-container elementor-column-gap-default\">\n\t\t\t\t\t<div class=\"elementor-column elementor-col-100 elementor-top-column elementor-element elementor-element-c4840e1\" data-id=\"c4840e1\" data-element_type=\"column\" data-e-type=\"column\">\n\t\t\t<div class=\"elementor-widget-wrap elementor-element-populated\">\n\t\t\t\t\t\t<section class=\"elementor-section elementor-inner-section elementor-element elementor-element-136d10a elementor-section-boxed elementor-section-height-default elementor-section-height-default\" data-id=\"136d10a\" data-element_type=\"section\" data-e-type=\"section\">\n\t\t\t\t\t\t<div class=\"elementor-container elementor-column-gap-default\">\n\t\t\t\t\t<div class=\"elementor-column elementor-col-100 elementor-inner-column elementor-element elementor-element-4bd2053\" data-id=\"4bd2053\" data-element_type=\"column\" data-e-type=\"column\">\n\t\t\t<div class=\"elementor-widget-wrap elementor-element-populated\">\n\t\t\t\t\t\t<div class=\"elementor-element elementor-element-dbe10f0 elementor-widget elementor-widget-text-editor\" data-id=\"dbe10f0\" data-element_type=\"widget\" data-e-type=\"widget\" data-widget_type=\"text-editor.default\">\n\t\t\t\t<div class=\"elementor-widget-container\">\n\t\t\t\t\t\t\t\t\t<p>La Constituci\u00f3n\u00a0establece como obligaci\u00f3n del estado brindar protecci\u00f3n, apoyo y promover el desarrollo integral de los adolescentes en el\u00a0proceso de crecimiento, maduraci\u00f3n y despliegue de su intelecto y de sus capacidades, potencialidades y aspiraciones, en un entorno familiar, escolar, social y comunitario de afectividad y seguridad.\u00a0<\/p><p>El Consejo Consultivo de Adolescentes, es un espacio de participaci\u00f3n y ejercicio de ciudadan\u00eda de los adolescentes, donde analizan temas de su inter\u00e9s y elaboran propuestas que son tomadas en cuenta en las decisiones del Consejo Cantonal de Protecci\u00f3n Integral de Derechos de Santa Cruz (CCPID).<\/p><p>El Consejo Consultivo est\u00e1 integrado por representantes de las diferentes organizaciones y formas de participaci\u00f3n de los ni\u00f1os, ni\u00f1as y adolescentes, como organizaciones barriales, clubes, gobiernos estudiantiles, y otros espacios cotidianos de socializaci\u00f3n de estos grupos; quienes son los responsables de llevar hasta el CCPID las opiniones y demandas de esta poblaci\u00f3n y de vigilar el cumplimiento de las pol\u00edticas<\/p>\t\t\t\t\t\t\t\t<\/div>\n\t\t\t\t<\/div>\n\t\t\t\t\t<\/div>\n\t\t<\/div>\n\t\t\t\t\t<\/div>\n\t\t<\/section>\n\t\t\t\t\t<\/div>\n\t\t<\/div>\n\t\t\t\t\t<\/div>\n\t\t<\/section>\n\t\t\t\t<section class=\"elementor-section elementor-top-section elementor-element elementor-element-c72d3ce elementor-section-boxed elementor-section-height-default elementor-section-height-default\" data-id=\"c72d3ce\" data-element_type=\"section\" data-e-type=\"section\">\n\t\t\t\t\t\t<div class=\"elementor-container elementor-column-gap-default\">\n\t\t\t\t\t<div class=\"elementor-column elementor-col-100 elementor-top-column elementor-element elementor-element-51cd339\" data-id=\"51cd339\" data-element_type=\"column\" data-e-type=\"column\">\n\t\t\t<div class=\"elementor-widget-wrap elementor-element-populated\">\n\t\t\t\t\t\t<div class=\"elementor-element elementor-element-86b7642 elementor-widget elementor-widget-spacer\" data-id=\"86b7642\" data-element_type=\"widget\" data-e-type=\"widget\" data-widget_type=\"spacer.default\">\n\t\t\t\t<div class=\"elementor-widget-container\">\n\t\t\t\t\t\t\t<div class=\"elementor-spacer\">\n\t\t\t<div class=\"elementor-spacer-inner\"><\/div>\n\t\t<\/div>\n\t\t\t\t\t\t<\/div>\n\t\t\t\t<\/div>\n\t\t\t\t\t<\/div>\n\t\t<\/div>\n\t\t\t\t\t<\/div>\n\t\t<\/section>\n\t\t\t\t<\/div>\n\t\t","protected":false},"excerpt":{"rendered":"<p>Consejo Consultivo de Adolescentes La Constituci\u00f3n\u00a0establece como obligaci\u00f3n del estado brindar protecci\u00f3n, apoyo y promover el desarrollo integral de los adolescentes en el\u00a0proceso de crecimiento, maduraci\u00f3n y despliegue de su intelecto y de sus capacidades, potencialidades y aspiraciones, en un entorno familiar, escolar, social y comunitario de afectividad y seguridad.\u00a0 El Consejo Consultivo de Adolescentes, [&hellip;]<\/p>\n","protected":false},"author":3,"featured_media":0,"parent":0,"menu_order":0,"comment_status":"closed","ping_status":"closed","template":"elementor_header_footer","meta":{"footnotes":""},"class_list":["post-692","page","type-page","status-publish","hentry"],"_links":{"self":[{"href":"https:\/\/www.cpsantacruz.gob.ec\/index.php?rest_route=\/wp\/v2\/pages\/692","targetHints":{"allow":["GET"]}}],"collection":[{"href":"https:\/\/www.cpsantacruz.gob.ec\/index.php?rest_route=\/wp\/v2\/pages"}],"about":[{"href":"https:\/\/www.cpsantacruz.gob.ec\/index.php?rest_route=\/wp\/v2\/types\/page"}],"author":[{"embeddable":true,"href":"https:\/\/www.cpsantacruz.gob.ec\/index.php?rest_route=\/wp\/v2\/users\/3"}],"replies":[{"embeddable":true,"href":"https:\/\/www.cpsantacruz.gob.ec\/index.php?rest_route=%2Fwp%2Fv2%2Fcomments&post=692"}],"version-history":[{"count":13,"href":"https:\/\/www.cpsantacruz.gob.ec\/index.php?rest_route=\/wp\/v2\/pages\/692\/revisions"}],"predecessor-version":[{"id":1224,"href":"https:\/\/www.cpsantacruz.gob.ec\/index.php?rest_route=\/wp\/v2\/pages\/692\/revisions\/1224"}],"wp:attachment":[{"href":"https:\/\/www.cpsantacruz.gob.ec\/index.php?rest_route=%2Fwp%2Fv2%2Fmedia&parent=692"}],"curies":[{"name":"wp","href":"https:\/\/api.w.org\/{rel}","templated":true}]}}