{"id":527,"date":"2020-10-05T21:04:14","date_gmt":"2020-10-05T21:04:14","guid":{"rendered":"https:\/\/www.cpsantacruz.gob.ec\/?page_id=527"},"modified":"2020-10-15T13:46:17","modified_gmt":"2020-10-15T13:46:17","slug":"adultos","status":"publish","type":"page","link":"https:\/\/www.cpsantacruz.gob.ec\/?page_id=527","title":{"rendered":"ADULTOS MAYORES"},"content":{"rendered":"\t\t<div data-elementor-type=\"wp-page\" data-elementor-id=\"527\" class=\"elementor elementor-527\" data-elementor-post-type=\"page\">\n\t\t\t\t\t\t<section class=\"elementor-section elementor-top-section elementor-element elementor-element-3da933b elementor-section-full_width elementor-section-height-min-height elementor-section-content-middle elementor-section-stretched elementor-section-height-default elementor-section-items-middle\" data-id=\"3da933b\" data-element_type=\"section\" data-e-type=\"section\" data-settings=\"{&quot;stretch_section&quot;:&quot;section-stretched&quot;}\">\n\t\t\t\t\t\t<div class=\"elementor-container elementor-column-gap-default\">\n\t\t\t\t\t<div class=\"elementor-column elementor-col-100 elementor-top-column elementor-element elementor-element-fd1283a\" data-id=\"fd1283a\" data-element_type=\"column\" data-e-type=\"column\">\n\t\t\t<div class=\"elementor-widget-wrap elementor-element-populated\">\n\t\t\t\t\t\t<div class=\"elementor-element elementor-element-18f291b elementor-widget elementor-widget-image\" data-id=\"18f291b\" data-element_type=\"widget\" data-e-type=\"widget\" data-widget_type=\"image.default\">\n\t\t\t\t<div class=\"elementor-widget-container\">\n\t\t\t\t\t\t\t\t\t\t\t\t\t\t\t<img fetchpriority=\"high\" decoding=\"async\" width=\"2400\" height=\"262\" src=\"https:\/\/www.cpsantacruz.gob.ec\/wp-content\/uploads\/2020\/10\/pantalla-banner-peces.png\" class=\"attachment-full size-full wp-image-843\" alt=\"\" srcset=\"https:\/\/www.cpsantacruz.gob.ec\/wp-content\/uploads\/2020\/10\/pantalla-banner-peces.png 2400w, https:\/\/www.cpsantacruz.gob.ec\/wp-content\/uploads\/2020\/10\/pantalla-banner-peces-300x33.png 300w, https:\/\/www.cpsantacruz.gob.ec\/wp-content\/uploads\/2020\/10\/pantalla-banner-peces-1024x112.png 1024w, https:\/\/www.cpsantacruz.gob.ec\/wp-content\/uploads\/2020\/10\/pantalla-banner-peces-768x84.png 768w, https:\/\/www.cpsantacruz.gob.ec\/wp-content\/uploads\/2020\/10\/pantalla-banner-peces-1536x168.png 1536w, https:\/\/www.cpsantacruz.gob.ec\/wp-content\/uploads\/2020\/10\/pantalla-banner-peces-2048x224.png 2048w\" sizes=\"(max-width: 2400px) 100vw, 2400px\" \/>\t\t\t\t\t\t\t\t\t\t\t\t\t\t\t<\/div>\n\t\t\t\t<\/div>\n\t\t\t\t\t<\/div>\n\t\t<\/div>\n\t\t\t\t\t<\/div>\n\t\t<\/section>\n\t\t\t\t<section class=\"elementor-section elementor-top-section elementor-element elementor-element-2ef1884 elementor-section-boxed elementor-section-height-default elementor-section-height-default\" data-id=\"2ef1884\" data-element_type=\"section\" data-e-type=\"section\">\n\t\t\t\t\t\t<div class=\"elementor-container elementor-column-gap-default\">\n\t\t\t\t\t<div class=\"elementor-column elementor-col-100 elementor-top-column elementor-element elementor-element-7f7dcf7\" data-id=\"7f7dcf7\" data-element_type=\"column\" data-e-type=\"column\">\n\t\t\t<div class=\"elementor-widget-wrap elementor-element-populated\">\n\t\t\t\t\t\t<div class=\"elementor-element elementor-element-00d612a elementor-widget elementor-widget-spacer\" data-id=\"00d612a\" data-element_type=\"widget\" data-e-type=\"widget\" data-widget_type=\"spacer.default\">\n\t\t\t\t<div class=\"elementor-widget-container\">\n\t\t\t\t\t\t\t<div class=\"elementor-spacer\">\n\t\t\t<div class=\"elementor-spacer-inner\"><\/div>\n\t\t<\/div>\n\t\t\t\t\t\t<\/div>\n\t\t\t\t<\/div>\n\t\t\t\t\t<\/div>\n\t\t<\/div>\n\t\t\t\t\t<\/div>\n\t\t<\/section>\n\t\t\t\t<section class=\"elementor-section elementor-top-section elementor-element elementor-element-403b66b1 elementor-section-boxed elementor-section-height-default elementor-section-height-default\" data-id=\"403b66b1\" data-element_type=\"section\" data-e-type=\"section\">\n\t\t\t\t\t\t<div class=\"elementor-container elementor-column-gap-default\">\n\t\t\t\t\t<div class=\"elementor-column elementor-col-100 elementor-top-column elementor-element elementor-element-750a4bc9\" data-id=\"750a4bc9\" data-element_type=\"column\" data-e-type=\"column\">\n\t\t\t<div class=\"elementor-widget-wrap elementor-element-populated\">\n\t\t\t\t\t\t<div class=\"elementor-element elementor-element-79344b0b elementor-widget elementor-widget-heading\" data-id=\"79344b0b\" data-element_type=\"widget\" data-e-type=\"widget\" data-widget_type=\"heading.default\">\n\t\t\t\t<div class=\"elementor-widget-container\">\n\t\t\t\t\t<h2 class=\"elementor-heading-title elementor-size-default\">Consejo Consultivo de Adultos Mayores<br>de Santa Cruz<\/h2>\t\t\t\t<\/div>\n\t\t\t\t<\/div>\n\t\t\t\t\t<\/div>\n\t\t<\/div>\n\t\t\t\t\t<\/div>\n\t\t<\/section>\n\t\t\t\t<section class=\"elementor-section elementor-top-section elementor-element elementor-element-4cee2bf elementor-section-boxed elementor-section-height-default elementor-section-height-default\" data-id=\"4cee2bf\" data-element_type=\"section\" data-e-type=\"section\">\n\t\t\t\t\t\t<div class=\"elementor-container elementor-column-gap-default\">\n\t\t\t\t\t<div class=\"elementor-column elementor-col-100 elementor-top-column elementor-element elementor-element-e2edb8a\" data-id=\"e2edb8a\" data-element_type=\"column\" data-e-type=\"column\">\n\t\t\t<div class=\"elementor-widget-wrap elementor-element-populated\">\n\t\t\t\t\t\t<section class=\"elementor-section elementor-inner-section elementor-element elementor-element-1e22176 elementor-section-boxed elementor-section-height-default elementor-section-height-default\" data-id=\"1e22176\" data-element_type=\"section\" data-e-type=\"section\">\n\t\t\t\t\t\t<div class=\"elementor-container elementor-column-gap-default\">\n\t\t\t\t\t<div class=\"elementor-column elementor-col-100 elementor-inner-column elementor-element elementor-element-dcf7824\" data-id=\"dcf7824\" data-element_type=\"column\" data-e-type=\"column\">\n\t\t\t<div class=\"elementor-widget-wrap elementor-element-populated\">\n\t\t\t\t\t\t<div class=\"elementor-element elementor-element-17b31ba elementor-widget elementor-widget-text-editor\" data-id=\"17b31ba\" data-element_type=\"widget\" data-e-type=\"widget\" data-widget_type=\"text-editor.default\">\n\t\t\t\t<div class=\"elementor-widget-container\">\n\t\t\t\t\t\t\t\t\t<p>Se consideran personas adultas mayores a quienes hayan cumplido o superen los 65 a\u00f1os de edad. El Art. 35, en el Cap\u00edtulo 3, ofrece para este sector que tanto ha aportado para la sociedad, atenci\u00f3n prioritaria y especializada en los \u00e1mbitos p\u00fablico y privado, en especial en los campos de inclusi\u00f3n social y econ\u00f3mica, y protecci\u00f3n contra la violencia. Para ello, el Estado garantizar\u00e1 (Art. 38) a las personas adultas mayores los siguientes derechos:<\/p><ol><li>La atenci\u00f3n gratuita y especializada de salud, as\u00ed como el acceso gratuito a medicinas.<\/li><li>El trabajo remunerado, en funci\u00f3n de sus capacidades, para lo cual tomar\u00e1 en cuenta sus limitaciones.<\/li><li>La jubilaci\u00f3n universal.<\/li><li>Rebajas en los servicios p\u00fablicos y en servicios privados de transporte y espect\u00e1culos; gozar\u00e1n asimismo de exenciones en el r\u00e9gimen tributario.<\/li><li>Exoneraci\u00f3n del pago por costos notariales y registrales de acuerdo con la ley.<\/li><li>El acceso a una vivienda que asegure una vida digna, respetando su opini\u00f3n y consentimiento.<\/li><\/ol><p>\u00a0<\/p><p>Los Adultos y Adultas Mayores tienen un espacio de participaci\u00f3n y ejercicio de ciudadan\u00eda donde analizan temas de su inter\u00e9s y elaboran propuestas que son tomadas en cuenta en las decisiones del Consejo Cantonal de Protecci\u00f3n Integral de Derechos de Santa Cruz.<\/p>\t\t\t\t\t\t\t\t<\/div>\n\t\t\t\t<\/div>\n\t\t\t\t\t<\/div>\n\t\t<\/div>\n\t\t\t\t\t<\/div>\n\t\t<\/section>\n\t\t\t\t\t<\/div>\n\t\t<\/div>\n\t\t\t\t\t<\/div>\n\t\t<\/section>\n\t\t\t\t<section class=\"elementor-section elementor-top-section elementor-element elementor-element-d50b310 elementor-section-boxed elementor-section-height-default elementor-section-height-default\" data-id=\"d50b310\" data-element_type=\"section\" data-e-type=\"section\">\n\t\t\t\t\t\t<div class=\"elementor-container elementor-column-gap-default\">\n\t\t\t\t\t<div class=\"elementor-column elementor-col-100 elementor-top-column elementor-element elementor-element-ee027ea\" data-id=\"ee027ea\" data-element_type=\"column\" data-e-type=\"column\">\n\t\t\t<div class=\"elementor-widget-wrap elementor-element-populated\">\n\t\t\t\t\t\t<div class=\"elementor-element elementor-element-9794035 elementor-widget elementor-widget-spacer\" data-id=\"9794035\" data-element_type=\"widget\" data-e-type=\"widget\" data-widget_type=\"spacer.default\">\n\t\t\t\t<div class=\"elementor-widget-container\">\n\t\t\t\t\t\t\t<div class=\"elementor-spacer\">\n\t\t\t<div class=\"elementor-spacer-inner\"><\/div>\n\t\t<\/div>\n\t\t\t\t\t\t<\/div>\n\t\t\t\t<\/div>\n\t\t\t\t\t<\/div>\n\t\t<\/div>\n\t\t\t\t\t<\/div>\n\t\t<\/section>\n\t\t\t\t<\/div>\n\t\t","protected":false},"excerpt":{"rendered":"<p>Consejo Consultivo de Adultos Mayoresde Santa Cruz Se consideran personas adultas mayores a quienes hayan cumplido o superen los 65 a\u00f1os de edad. El Art. 35, en el Cap\u00edtulo 3, ofrece para este sector que tanto ha aportado para la sociedad, atenci\u00f3n prioritaria y especializada en los \u00e1mbitos p\u00fablico y privado, en especial en los [&hellip;]<\/p>\n","protected":false},"author":3,"featured_media":0,"parent":0,"menu_order":0,"comment_status":"closed","ping_status":"closed","template":"elementor_header_footer","meta":{"footnotes":""},"class_list":["post-527","page","type-page","status-publish","hentry"],"_links":{"self":[{"href":"https:\/\/www.cpsantacruz.gob.ec\/index.php?rest_route=\/wp\/v2\/pages\/527","targetHints":{"allow":["GET"]}}],"collection":[{"href":"https:\/\/www.cpsantacruz.gob.ec\/index.php?rest_route=\/wp\/v2\/pages"}],"about":[{"href":"https:\/\/www.cpsantacruz.gob.ec\/index.php?rest_route=\/wp\/v2\/types\/page"}],"author":[{"embeddable":true,"href":"https:\/\/www.cpsantacruz.gob.ec\/index.php?rest_route=\/wp\/v2\/users\/3"}],"replies":[{"embeddable":true,"href":"https:\/\/www.cpsantacruz.gob.ec\/index.php?rest_route=%2Fwp%2Fv2%2Fcomments&post=527"}],"version-history":[{"count":16,"href":"https:\/\/www.cpsantacruz.gob.ec\/index.php?rest_route=\/wp\/v2\/pages\/527\/revisions"}],"predecessor-version":[{"id":1227,"href":"https:\/\/www.cpsantacruz.gob.ec\/index.php?rest_route=\/wp\/v2\/pages\/527\/revisions\/1227"}],"wp:attachment":[{"href":"https:\/\/www.cpsantacruz.gob.ec\/index.php?rest_route=%2Fwp%2Fv2%2Fmedia&parent=527"}],"curies":[{"name":"wp","href":"https:\/\/api.w.org\/{rel}","templated":true}]}}