{"id":489,"date":"2020-10-05T20:23:58","date_gmt":"2020-10-05T20:23:58","guid":{"rendered":"https:\/\/www.cpsantacruz.gob.ec\/?page_id=489"},"modified":"2020-10-15T13:45:04","modified_gmt":"2020-10-15T13:45:04","slug":"ninas-y-ninos","status":"publish","type":"page","link":"https:\/\/www.cpsantacruz.gob.ec\/?page_id=489","title":{"rendered":"NI\u00d1AS Y NI\u00d1OS"},"content":{"rendered":"\t\t<div data-elementor-type=\"wp-page\" data-elementor-id=\"489\" class=\"elementor elementor-489\" data-elementor-post-type=\"page\">\n\t\t\t\t\t\t<section class=\"elementor-section elementor-top-section elementor-element elementor-element-4d16a986 elementor-section-full_width elementor-section-height-min-height elementor-section-content-middle elementor-section-stretched elementor-section-height-default elementor-section-items-middle\" data-id=\"4d16a986\" data-element_type=\"section\" data-e-type=\"section\" data-settings=\"{&quot;stretch_section&quot;:&quot;section-stretched&quot;}\">\n\t\t\t\t\t\t<div class=\"elementor-container elementor-column-gap-default\">\n\t\t\t\t\t<div class=\"elementor-column elementor-col-100 elementor-top-column elementor-element elementor-element-4562d566\" data-id=\"4562d566\" data-element_type=\"column\" data-e-type=\"column\">\n\t\t\t<div class=\"elementor-widget-wrap elementor-element-populated\">\n\t\t\t\t\t\t<div class=\"elementor-element elementor-element-33599e05 elementor-widget elementor-widget-image\" data-id=\"33599e05\" data-element_type=\"widget\" data-e-type=\"widget\" data-widget_type=\"image.default\">\n\t\t\t\t<div class=\"elementor-widget-container\">\n\t\t\t\t\t\t\t\t\t\t\t\t\t\t\t<img fetchpriority=\"high\" decoding=\"async\" width=\"2400\" height=\"262\" src=\"https:\/\/www.cpsantacruz.gob.ec\/wp-content\/uploads\/2020\/10\/pantalla-banner-peces.png\" class=\"attachment-full size-full wp-image-843\" alt=\"\" srcset=\"https:\/\/www.cpsantacruz.gob.ec\/wp-content\/uploads\/2020\/10\/pantalla-banner-peces.png 2400w, https:\/\/www.cpsantacruz.gob.ec\/wp-content\/uploads\/2020\/10\/pantalla-banner-peces-300x33.png 300w, https:\/\/www.cpsantacruz.gob.ec\/wp-content\/uploads\/2020\/10\/pantalla-banner-peces-1024x112.png 1024w, https:\/\/www.cpsantacruz.gob.ec\/wp-content\/uploads\/2020\/10\/pantalla-banner-peces-768x84.png 768w, https:\/\/www.cpsantacruz.gob.ec\/wp-content\/uploads\/2020\/10\/pantalla-banner-peces-1536x168.png 1536w, https:\/\/www.cpsantacruz.gob.ec\/wp-content\/uploads\/2020\/10\/pantalla-banner-peces-2048x224.png 2048w\" sizes=\"(max-width: 2400px) 100vw, 2400px\" \/>\t\t\t\t\t\t\t\t\t\t\t\t\t\t\t<\/div>\n\t\t\t\t<\/div>\n\t\t\t\t\t<\/div>\n\t\t<\/div>\n\t\t\t\t\t<\/div>\n\t\t<\/section>\n\t\t\t\t<section class=\"elementor-section elementor-top-section elementor-element elementor-element-0350b22 elementor-section-boxed elementor-section-height-default elementor-section-height-default\" data-id=\"0350b22\" data-element_type=\"section\" data-e-type=\"section\">\n\t\t\t\t\t\t<div class=\"elementor-container elementor-column-gap-default\">\n\t\t\t\t\t<div class=\"elementor-column elementor-col-100 elementor-top-column elementor-element elementor-element-d7e20da\" data-id=\"d7e20da\" data-element_type=\"column\" data-e-type=\"column\">\n\t\t\t<div class=\"elementor-widget-wrap elementor-element-populated\">\n\t\t\t\t\t\t<div class=\"elementor-element elementor-element-81eca4f elementor-widget elementor-widget-spacer\" data-id=\"81eca4f\" data-element_type=\"widget\" data-e-type=\"widget\" data-widget_type=\"spacer.default\">\n\t\t\t\t<div class=\"elementor-widget-container\">\n\t\t\t\t\t\t\t<div class=\"elementor-spacer\">\n\t\t\t<div class=\"elementor-spacer-inner\"><\/div>\n\t\t<\/div>\n\t\t\t\t\t\t<\/div>\n\t\t\t\t<\/div>\n\t\t\t\t\t<\/div>\n\t\t<\/div>\n\t\t\t\t\t<\/div>\n\t\t<\/section>\n\t\t\t\t<section class=\"elementor-section elementor-top-section elementor-element elementor-element-adbe2dc elementor-section-boxed elementor-section-height-default elementor-section-height-default\" data-id=\"adbe2dc\" data-element_type=\"section\" data-e-type=\"section\">\n\t\t\t\t\t\t<div class=\"elementor-container elementor-column-gap-default\">\n\t\t\t\t\t<div class=\"elementor-column elementor-col-100 elementor-top-column elementor-element elementor-element-e6e6e1a\" data-id=\"e6e6e1a\" data-element_type=\"column\" data-e-type=\"column\">\n\t\t\t<div class=\"elementor-widget-wrap elementor-element-populated\">\n\t\t\t\t\t\t<div class=\"elementor-element elementor-element-c620591 elementor-widget elementor-widget-heading\" data-id=\"c620591\" data-element_type=\"widget\" data-e-type=\"widget\" data-widget_type=\"heading.default\">\n\t\t\t\t<div class=\"elementor-widget-container\">\n\t\t\t\t\t<h2 class=\"elementor-heading-title elementor-size-default\">Consejo Consultivo de Ni\u00f1os y Ni\u00f1as<\/h2>\t\t\t\t<\/div>\n\t\t\t\t<\/div>\n\t\t\t\t\t<\/div>\n\t\t<\/div>\n\t\t\t\t\t<\/div>\n\t\t<\/section>\n\t\t\t\t<section class=\"elementor-section elementor-top-section elementor-element elementor-element-45649a1 elementor-section-boxed elementor-section-height-default elementor-section-height-default\" data-id=\"45649a1\" data-element_type=\"section\" data-e-type=\"section\">\n\t\t\t\t\t\t<div class=\"elementor-container elementor-column-gap-default\">\n\t\t\t\t\t<div class=\"elementor-column elementor-col-100 elementor-top-column elementor-element elementor-element-0aa3a04\" data-id=\"0aa3a04\" data-element_type=\"column\" data-e-type=\"column\">\n\t\t\t<div class=\"elementor-widget-wrap elementor-element-populated\">\n\t\t\t\t\t\t<section class=\"elementor-section elementor-inner-section elementor-element elementor-element-ace145a elementor-section-boxed elementor-section-height-default elementor-section-height-default\" data-id=\"ace145a\" data-element_type=\"section\" data-e-type=\"section\">\n\t\t\t\t\t\t<div class=\"elementor-container elementor-column-gap-default\">\n\t\t\t\t\t<div class=\"elementor-column elementor-col-100 elementor-inner-column elementor-element elementor-element-6723ad8\" data-id=\"6723ad8\" data-element_type=\"column\" data-e-type=\"column\">\n\t\t\t<div class=\"elementor-widget-wrap elementor-element-populated\">\n\t\t\t\t\t\t<div class=\"elementor-element elementor-element-2b2ed7c elementor-widget elementor-widget-text-editor\" data-id=\"2b2ed7c\" data-element_type=\"widget\" data-e-type=\"widget\" data-widget_type=\"text-editor.default\">\n\t\t\t\t<div class=\"elementor-widget-container\">\n\t\t\t\t\t\t\t\t\t<p>Los derechos de los ni\u00f1os y ni\u00f1as prevalecen frente a los derechos de las dem\u00e1s personas. Tienen derecho a la integridad f\u00edsica y ps\u00edquica; a su identidad, nombre y ciudadan\u00eda, al deporte y recreaci\u00f3n, a la participaci\u00f3n social, a contar con una familia y disfrutar de la convivencia familiar y comunitaria, etc.<\/p><p>El Consejo Consultivo de Ni\u00f1os y Ni\u00f1as, es un espacio de participaci\u00f3n y ejercicio de ciudadan\u00eda de los ni\u00f1os, donde analizan temas de su inter\u00e9s y elaboran propuestas que son tomadas en cuenta en las decisiones del Consejo Cantonal de Protecci\u00f3n Integral de Derechos de Santa Cruz (CCPID). El Consejo Consultivo est\u00e1 integrado por representantes de las diferentes organizaciones y formas de participaci\u00f3n de los ni\u00f1os y ni\u00f1as, como organizaciones barriales, clubes, gobiernos estudiantiles, y otros espacios cotidianos de socializaci\u00f3n de estos grupos; quienes son los responsables de llevar hasta el CCPID las opiniones y demandas de esta poblaci\u00f3n y de vigilar el cumplimiento de las pol\u00edticas.<\/p>\t\t\t\t\t\t\t\t<\/div>\n\t\t\t\t<\/div>\n\t\t\t\t\t<\/div>\n\t\t<\/div>\n\t\t\t\t\t<\/div>\n\t\t<\/section>\n\t\t\t\t\t<\/div>\n\t\t<\/div>\n\t\t\t\t\t<\/div>\n\t\t<\/section>\n\t\t\t\t<section class=\"elementor-section elementor-top-section elementor-element elementor-element-0cefaac elementor-section-boxed elementor-section-height-default elementor-section-height-default\" data-id=\"0cefaac\" data-element_type=\"section\" data-e-type=\"section\">\n\t\t\t\t\t\t<div class=\"elementor-container elementor-column-gap-default\">\n\t\t\t\t\t<div class=\"elementor-column elementor-col-100 elementor-top-column elementor-element elementor-element-3234d2f\" data-id=\"3234d2f\" data-element_type=\"column\" data-e-type=\"column\">\n\t\t\t<div class=\"elementor-widget-wrap elementor-element-populated\">\n\t\t\t\t\t\t<div class=\"elementor-element elementor-element-38beb60 elementor-widget elementor-widget-spacer\" data-id=\"38beb60\" data-element_type=\"widget\" data-e-type=\"widget\" data-widget_type=\"spacer.default\">\n\t\t\t\t<div class=\"elementor-widget-container\">\n\t\t\t\t\t\t\t<div class=\"elementor-spacer\">\n\t\t\t<div class=\"elementor-spacer-inner\"><\/div>\n\t\t<\/div>\n\t\t\t\t\t\t<\/div>\n\t\t\t\t<\/div>\n\t\t\t\t\t<\/div>\n\t\t<\/div>\n\t\t\t\t\t<\/div>\n\t\t<\/section>\n\t\t\t\t<\/div>\n\t\t","protected":false},"excerpt":{"rendered":"<p>Consejo Consultivo de Ni\u00f1os y Ni\u00f1as Los derechos de los ni\u00f1os y ni\u00f1as prevalecen frente a los derechos de las dem\u00e1s personas. Tienen derecho a la integridad f\u00edsica y ps\u00edquica; a su identidad, nombre y ciudadan\u00eda, al deporte y recreaci\u00f3n, a la participaci\u00f3n social, a contar con una familia y disfrutar de la convivencia familiar [&hellip;]<\/p>\n","protected":false},"author":3,"featured_media":0,"parent":0,"menu_order":0,"comment_status":"closed","ping_status":"closed","template":"elementor_header_footer","meta":{"footnotes":""},"class_list":["post-489","page","type-page","status-publish","hentry"],"_links":{"self":[{"href":"https:\/\/www.cpsantacruz.gob.ec\/index.php?rest_route=\/wp\/v2\/pages\/489","targetHints":{"allow":["GET"]}}],"collection":[{"href":"https:\/\/www.cpsantacruz.gob.ec\/index.php?rest_route=\/wp\/v2\/pages"}],"about":[{"href":"https:\/\/www.cpsantacruz.gob.ec\/index.php?rest_route=\/wp\/v2\/types\/page"}],"author":[{"embeddable":true,"href":"https:\/\/www.cpsantacruz.gob.ec\/index.php?rest_route=\/wp\/v2\/users\/3"}],"replies":[{"embeddable":true,"href":"https:\/\/www.cpsantacruz.gob.ec\/index.php?rest_route=%2Fwp%2Fv2%2Fcomments&post=489"}],"version-history":[{"count":21,"href":"https:\/\/www.cpsantacruz.gob.ec\/index.php?rest_route=\/wp\/v2\/pages\/489\/revisions"}],"predecessor-version":[{"id":1225,"href":"https:\/\/www.cpsantacruz.gob.ec\/index.php?rest_route=\/wp\/v2\/pages\/489\/revisions\/1225"}],"wp:attachment":[{"href":"https:\/\/www.cpsantacruz.gob.ec\/index.php?rest_route=%2Fwp%2Fv2%2Fmedia&parent=489"}],"curies":[{"name":"wp","href":"https:\/\/api.w.org\/{rel}","templated":true}]}}